{"id":19,"date":"2024-06-11T17:47:14","date_gmt":"2024-06-11T17:47:14","guid":{"rendered":"https:\/\/bogdan.rere4fun.net\/fsp\/\/?page_id=19"},"modified":"2024-06-11T17:49:19","modified_gmt":"2024-06-11T17:49:19","slug":"termeni-si-conditii","status":"publish","type":"page","link":"https:\/\/bogdan.rere4fun.net\/fsp\/termeni-si-conditii\/","title":{"rendered":"Termeni si conditii"},"content":{"rendered":"\n<p><\/p>\n\n\n\n<p><h3>Introducere<\/h3><\/p>\n\n\n\n<p>Ace\u0219ti termeni \u0219i condi\u021bii se aplic\u0103 \u00eentre dvs., Utilizatorul acestui site (inclusiv orice subdomeniu, cu excep\u021bia cazului \u00een care este exclus \u00een mod expres de propriii termeni \u0219i condi\u021bii) \u0219i SIMPAROM IMP-EX SRL, proprietarul \u0219i operatorul acestui site web. Citi\u021bi cu aten\u021bie ace\u0219ti termeni \u0219i condi\u021bii, deoarece acestea v\u0103 afecteaz\u0103 drepturile legale. Acordul dvs. de a respecta \u0219i de a respecta ace\u0219ti termeni \u0219i condi\u021bii este considerat a ap\u0103rea la prima utilizare a site-ului. Dac\u0103 nu sunte\u021bi de acord s\u0103 respecta\u021bi ace\u0219ti termeni \u0219i condi\u021bii, trebuie s\u0103 v\u0103 opri\u021bi imediat utilizarea site-ului.<\/p>\n\n\n\n<p>\u00cen ace\u0219ti termeni \u0219i condi\u021bii, Utilizator sau Utilizatori \u00eenseamn\u0103 orice ter\u021b\u0103 parte care acceseaz\u0103 Site-ul \u0219i nu este (i) angajat\u0103 de ForestSpa \u0219i care ac\u021bioneaz\u0103 \u00een timpul angaj\u0103rii sau (ii) angajat\u0103 ca consultant sau furniz\u00e2nd \u00een alt mod servicii ForestSpa \u0219i accesarea site-ului \u00een leg\u0103tur\u0103 cu furnizarea acestor servicii.<\/p>\n\n\n\n<p>Trebuie s\u0103 ave\u021bi cel pu\u021bin 18 ani pentru a utiliza acest site web. Prin utilizarea site-ului \u0219i a acordului fa\u021b\u0103 de ace\u0219ti termeni \u0219i condi\u021bii, declara\u021bi \u0219i garanta\u021bi c\u0103 ave\u021bi cel pu\u021bin 18 ani.<\/p>\n\n\n\n<p><strong>Proprietatea intelectual\u0103 \u0219i utilizarea acceptabil\u0103:<\/strong><br>Tot con\u021binutul inclus pe site, cu excep\u021bia cazului \u00een care este \u00eenc\u0103rcat de utilizatori, este proprietatea ForestSpa, a afilia\u021bilor sau a altor p\u0103r\u021bi ter\u021be relevante. \u00cen ace\u0219ti termeni \u0219i condi\u021bii, Con\u021binutul \u00eenseamn\u0103 orice text, grafic\u0103, imagini, audio, video, software, compila\u021bii de date, layout de pagin\u0103, cod de baz\u0103 \u0219i software \u0219i orice alt\u0103 form\u0103 de informa\u021bii capabile s\u0103 fie stocate \u00eentr-un computer care apare sau face parte a acestui site, inclusiv orice alt material \u00eenc\u0103rcat de utilizatori. Continu\u00e2nd s\u0103 utiliza\u021bi site-ul web, recunoa\u0219te\u021bi c\u0103 un astfel de con\u021binut este protejat de drepturi de autor, m\u0103rci comerciale, drepturi de baz\u0103 de date \u0219i alte drepturi de proprietate intelectual\u0103. Nimic pe acest site nu va fi interpretat ca acord\u00e2nd, implicit, estoppel sau altfel orice licen\u021b\u0103 sau drept de utilizare a oric\u0103rei m\u0103rci comerciale, sigle sau m\u0103rci de servicii afi\u0219ate pe site f\u0103r\u0103 permisiunea scris\u0103 prealabil\u0103 a proprietarului<\/p>\n\n\n\n<p>Ave\u021bi dreptul, numai pentru uz personal, non-comercial, s\u0103 face\u021bi urm\u0103toarele:<br>2.1. extrage\u021bi, afi\u0219a\u021bi \u0219i vizualiza\u021bi Con\u021binutul pe ecranul calculatorului<\/p>\n\n\n\n<p>Nu trebuie s\u0103 reproduce\u021bi, s\u0103 modifica\u021bi, s\u0103 copia\u021bi, s\u0103 distribui\u021bi sau s\u0103 utiliza\u021bi \u00een scopuri comerciale orice con\u021binut f\u0103r\u0103 permisiunea scris\u0103 a ForestSpa.<\/p>\n\n\n\n<p><strong>Utilizare interzis\u0103:<\/strong><br>Nu ave\u021bi dreptul s\u0103 utiliza\u021bi site-ul web pentru oricare dintre urm\u0103toarele scopuri:<br>1.1. \u00een orice mod care cauzeaz\u0103 sau poate cauza pagube site-ului sau interfereaz\u0103 cu utilizarea sau savurarea de c\u0103tre orice alt\u0103 persoan\u0103 a Website-ului;<br>1.2. \u00een orice mod care este d\u0103un\u0103tor, ilicit, ilegal, abuziv, h\u0103r\u021buitor, amenin\u021b\u0103tor sau \u00een alt mod inacceptabil sau care \u00eencalc\u0103 orice lege, reglementare, ordine guvernamental\u0103 aplicabil\u0103;<br>1.3. producerea, transmiterea sau stocarea de copii electronice ale con\u021binutului protejat prin drepturi de autor f\u0103r\u0103 permisiunea proprietarului.<\/p>\n\n\n\n<p><strong>\u00cenregistrare:<\/strong><br>Trebuie s\u0103 v\u0103 asigura\u021bi c\u0103 detaliile furnizate de dvs. la \u00eenregistrare sau \u00een orice moment sunt corecte \u0219i complete.<\/p>\n\n\n\n<p>Trebuie s\u0103 ne informa\u021bi imediat despre orice modificare a informa\u021biilor pe care le furniza\u021bi atunci c\u00e2nd v\u0103 \u00eenregistra\u021bi prin actualizarea detaliilor personale, pentru a ne asigura c\u0103 putem comunica eficient cu dvs.<\/p>\n\n\n\n<p>Este posibil s\u0103 suspend\u0103m sau s\u0103 anula\u021bi \u00eenregistrarea dvs. cu efect imediat \u00een scopuri rezonabile sau dac\u0103 \u00eencalc\u0103\u021bi ace\u0219ti termeni \u0219i condi\u021bii.<\/p>\n\n\n\n<p>V\u0103 pute\u021bi anula \u00eenregistrarea \u00een orice moment inform\u00e2ndu-ne \u00een scris la adresa de la sf\u00e2r\u0219itul acestor termeni \u0219i condi\u021bii. Dac\u0103 face\u021bi acest lucru, trebuie s\u0103 v\u0103 opri\u021bi imediat utilizarea site-ului Web. Anularea sau suspendarea \u00eenregistr\u0103rii dvs. nu afecteaz\u0103 niciun drept legal.<\/p>\n\n\n\n<p><strong>Leg\u0103turi c\u0103tre alte site-uri web:<\/strong><br>Acest site poate con\u021bine leg\u0103turi c\u0103tre alte site-uri. Cu excep\u021bia cazului \u00een care se specific\u0103 \u00een mod expres, aceste site-uri nu sunt sub controlul ForestSpa sau al afilia\u021bilor no\u0219tri.<\/p>\n\n\n\n<p>Nu ne asum\u0103m nici o responsabilitate pentru con\u021binutul acestor site-uri \u0219i nu ne vom asuma r\u0103spunderea pentru niciunul \u0219i toate formele de pierderi sau daune rezultate din utilizarea lor.<\/p>\n\n\n\n<p>Includerea unui link c\u0103tre un alt site de pe acest site nu implic\u0103 nici o aprobare a site-urilor sau a celor care le controleaz\u0103.<\/p>\n\n\n\n<p><strong>Politica de confiden\u021bialitate \u0219i politica de cookie-uri:<\/strong><br>Utilizarea site-ului este, de asemenea, guvernat\u0103 de politica noastr\u0103 de confiden\u021bialitate \u0219i politica de cookie-uri, care sunt \u00eencorporate \u00een ace\u0219ti termeni \u0219i condi\u021bii prin aceast\u0103 referin\u021b\u0103. Pentru a vedea Politica de confiden\u021bialitate \u0219i Politica de cookie-uri, face\u021bi clic pe urm\u0103toarele: https:\/\/www.forestspa.ro\/politica-de-confidentialitate-si-folosirea-cookie-urilor\/.<\/p>\n\n\n\n<p><strong>Disponibilitatea site-ului \u0219i excluderea r\u0103spunderii:<\/strong><br>Orice facilit\u0103\u021bi online, instrumente, servicii sau informa\u021bii pe care ForestSpa le pune la dispozi\u021bie prin intermediul Website-ului (Serviciului) sunt furnizate \u201eca atare\u201d \u0219i pe baza \u201ec\u00e2t mai sunt disponibile\u201d. Nu oferim nicio garan\u021bie c\u0103 serviciul nu va con\u021bine defecte \u0219i \/sau defecte. \u00cen m\u0103sura maxim\u0103 permis\u0103 de lege, nu furniz\u0103m garan\u021bii (exprese sau implicite) de adecvare pentru un anumit scop, exactitate de informa\u021bii, compatibilitate \u0219i calitate satisf\u0103c\u0103toare. ForestSpa nu are nicio obliga\u021bie de a actualiza informa\u021biile de pe site.<\/p>\n\n\n\n<p>\u00cen timp ce ForestSpa depune eforturi rezonabile pentru a asigura c\u0103 site-ul Web este securizat \u0219i f\u0103r\u0103 erori, viru\u0219i \u0219i alte programe malware, nu oferim nicio garan\u021bie sau garan\u021bie \u00een acest sens \u0219i to\u021bi utilizatorii \u00ee\u0219i asum\u0103 responsabilitatea pentru propria lor securitate, computerele lor.<\/p>\n\n\n\n<p>ForestSpa nu \u00ee\u0219i asum\u0103 nicio r\u0103spundere pentru orice \u00eentrerupere sau nedisponibilitate a site-ului.<\/p>\n\n\n\n<p>ForestSpa \u00ee\u0219i rezerv\u0103 dreptul de a modifica, suspenda sau \u00eentrerupe orice parte (sau \u00eentregul) site-ului, incluz\u00e2nd, dar f\u0103r\u0103 a se limita la, orice produse \u0219i \/sau servicii disponibile. Ace\u0219ti termeni \u0219i condi\u021bii vor continua s\u0103 se aplice oric\u0103rei versiuni modificate a site-ului web, cu excep\u021bia cazului \u00een care este specificat altfel.<\/p>\n\n\n\n<p>Limitarea r\u0103spunderii:<br>Nimic din ace\u0219ti termeni \u0219i condi\u021bii nu va: (a) limita sau exclude r\u0103spunderea noastr\u0103 sau a dvs. pentru moartea sau v\u0103t\u0103marea corporal\u0103 care rezult\u0103 din neglijen\u021ba noastr\u0103 sau, dup\u0103 caz, (b) limita\u021bi sau exclude\u021bi r\u0103spunderea noastr\u0103 sau r\u0103spunderea dvs. pentru fraud\u0103 sau denaturare frauduloas\u0103; sau (c) limita\u021bi sau exclude\u021bi vreunul dintre datoriile noastre sau datoriile dvs. \u00een orice mod care nu este permis de legisla\u021bia \u00een vigoare.<\/p>\n\n\n\n<p>Nu vom fi r\u0103spunz\u0103tori fa\u021b\u0103 de dvs. \u00een privin\u021ba oric\u0103ror pierderi rezultate din evenimente care nu se afl\u0103 sub controlul nostru rezonabil.<\/p>\n\n\n\n<p>\u00cen m\u0103sura maxim\u0103 permis\u0103 de lege, ForestSpa nu \u00ee\u0219i asum\u0103 r\u0103spunderea pentru niciuna dintre urm\u0103toarele:<br>3.1. orice pierderi comerciale, cum ar fi pierderea profitului, veniturile, veniturile, economiile anticipate, afacerile, contractele, fondul comercial sau oportunit\u0103\u021bile comerciale;<br>3.2. pierderea sau corup\u021bia oric\u0103ror date, baze de date sau software;<br>3.3. orice pierdere sau deteriorare special\u0103, indirect\u0103 sau consecvent\u0103.<\/p>\n\n\n\n<p><strong>General:<\/strong><br>Nu pute\u021bi transfera oricare dintre drepturile dvs. \u00een conformitate cu ace\u0219ti termeni \u0219i condi\u021bii unei alte persoane. Ne putem transfera drepturile \u00een condi\u021biile \u0219i condi\u021biile \u00een care credem \u00een mod rezonabil c\u0103 drepturile dvs. nu vor fi afectate.<\/p>\n\n\n\n<p>Ace\u0219ti termeni \u0219i condi\u021bii pot fi modifica\u021bi periodic de noi. Astfel de termeni revizui\u021bi se vor aplica site-ului web de la data public\u0103rii. Utilizatorii ar trebui s\u0103 verifice periodic termenii \u0219i condi\u021biile pentru a v\u0103 familiariza cu versiunea actual\u0103.<\/p>\n\n\n\n<p>Ace\u0219ti termeni \u0219i condi\u021bii, \u00eempreun\u0103 cu Politica de confiden\u021bialitate \u0219i Politica privind cookie-urile, con\u021bin \u00eentregul acord \u00eentre p\u0103r\u021bi referitor la obiectul s\u0103u \u0219i \u00eenlocuiesc toate discu\u021biile, \u00een\u021belegerile sau acordurile anterioare care ar fi putut avea loc \u00een leg\u0103tur\u0103 cu termenii \u0219i condi\u021biile.<\/p>\n\n\n\n<p>Legea privind contractele (drepturile ter\u021bilor) din 1999 nu se aplic\u0103 acestor termeni \u0219i condi\u021bii \u0219i nici o ter\u021b\u0103 parte nu va avea niciun drept de a aplica sau de a se baza pe orice prevedere a acestor termeni \u0219i condi\u021bii.<\/p>\n\n\n\n<p>\u00cen cazul \u00een care o instan\u021b\u0103 sau o autoritate competent\u0103 constat\u0103 c\u0103 orice dispozi\u021bie din ace\u0219ti termeni \u0219i condi\u021bii (sau o parte a oric\u0103ror prevederi) este nevalid\u0103, ilegal\u0103 sau inaplicabil\u0103, acea prevedere sau par\u021bial prevedere va fi considerat\u0103, \u00een m\u0103sura \u00een care este necesar, , iar validitatea \u0219i aplicabilitatea celorlalte dispozi\u021bii ale acestor termeni \u0219i condi\u021bii nu vor fi afectate.<\/p>\n\n\n\n<p>Cu excep\u021bia cazului \u00een care sa convenit altfel, nicio \u00eent\u00e2rziere, ac\u021biune sau omisiune a unei p\u0103r\u021bi \u00een exercitarea oric\u0103rui drept sau remediere va fi considerat\u0103 o renun\u021bare la aceasta sau orice alt drept sau remediu.<\/p>\n\n\n\n<p>Prezentul acord va fi guvernat \u0219i interpretat \u00een conformitate cu legisla\u021bia romaneasca, iar toate litigiile care decurg din acord (inclusiv litigiile sau cererile necontractuale) vor face obiectul jurisdic\u021biei exclusive a instan\u021belor romanesti.<\/p>\n\n\n\n<p><strong>Detaliile SIMPAROM IMP-EX SRL<\/strong><br>SIMPAROM IMP-EX SRL este o societate \u00eenregistrat\u0103 \u00een Romania cu num\u0103rul de \u00eenregistrare RO5736300 al c\u0103rei adrese este comuna Maciuca, Sat Oveselu, 247345 \u0219i opereaz\u0103 site-ul https:\/\/www.forestspa.ro . Pute\u021bi contacta SIMPAROM IMP-EX SRL prin e-mail la info@forestspa.ro.<\/p>\n\n\n\n<p><\/p>\n","protected":false},"excerpt":{"rendered":"<p>Introducere Ace\u0219ti termeni \u0219i condi\u021bii se aplic\u0103 \u00eentre dvs., Utilizatorul acestui site (inclusiv orice subdomeniu, cu excep\u021bia cazului \u00een care este exclus \u00een mod expres de<span class=\"excerpt-hellip\"> [\u2026]<\/span><\/p>\n","protected":false},"author":1,"featured_media":0,"parent":0,"menu_order":0,"comment_status":"open","ping_status":"closed","template":"","meta":{"footnotes":""},"class_list":["post-19","page","type-page","status-publish","hentry"],"_links":{"self":[{"href":"https:\/\/bogdan.rere4fun.net\/fsp\/wp-json\/wp\/v2\/pages\/19","targetHints":{"allow":["GET"]}}],"collection":[{"href":"https:\/\/bogdan.rere4fun.net\/fsp\/wp-json\/wp\/v2\/pages"}],"about":[{"href":"https:\/\/bogdan.rere4fun.net\/fsp\/wp-json\/wp\/v2\/types\/page"}],"author":[{"embeddable":true,"href":"https:\/\/bogdan.rere4fun.net\/fsp\/wp-json\/wp\/v2\/users\/1"}],"replies":[{"embeddable":true,"href":"https:\/\/bogdan.rere4fun.net\/fsp\/wp-json\/wp\/v2\/comments?post=19"}],"version-history":[{"count":1,"href":"https:\/\/bogdan.rere4fun.net\/fsp\/wp-json\/wp\/v2\/pages\/19\/revisions"}],"predecessor-version":[{"id":270,"href":"https:\/\/bogdan.rere4fun.net\/fsp\/wp-json\/wp\/v2\/pages\/19\/revisions\/270"}],"wp:attachment":[{"href":"https:\/\/bogdan.rere4fun.net\/fsp\/wp-json\/wp\/v2\/media?parent=19"}],"curies":[{"name":"wp","href":"https:\/\/api.w.org\/{rel}","templated":true}]}}