{"id":7,"date":"2024-06-11T17:53:23","date_gmt":"2024-06-11T17:53:23","guid":{"rendered":"https:\/\/bogdan.rere4fun.net\/fsp\/\/?page_id=7"},"modified":"2024-06-17T15:41:39","modified_gmt":"2024-06-17T15:41:39","slug":"politica-de-confidentialitate","status":"publish","type":"page","link":"https:\/\/bogdan.rere4fun.net\/fsp\/politica-de-confidentialitate\/","title":{"rendered":"Politica de confidentialitate"},"content":{"rendered":"\n<p>Site-ul www.forestspa.ro utilizeaz\u0103 cookie-uri proprii precum \u0219i cookie-uri plasate de ter\u021bi, care ne permit includerea de con\u021binut de pe alte site-uri \u0219i ne permit s\u0103 monitoriz\u0103m \u0219i s\u0103 \u00eembun\u0103t\u0103\u021bim interac\u0163iunea cu utilizatorii.<\/p>\n\n\n\n<p>Utilizarea modulelor cookie pe acest site nu este strict necesar\u0103, \u00eens\u0103 o parte din func\u021bii sau din con\u021binut nu vor fi disponibile dac\u0103 nu permite\u021bi utilizarea cookie-urilor.<\/p>\n\n\n\n<p>Cookie este un fi\u0219ier de mici dimensiuni, format din litere \u0219i numere, care este stocat pe orice terminal cu acces la Internet (computer, telefon mobil, tablet\u0103 etc.) \u0219i este instalat prin solicitarea emis\u0103 de un server web unui browser (ex: Firefox, Chrome). Durata de existen\u021b\u0103 a unui cookie este determinat\u0103. Din punct de vedere tehnic, doar serverul web care a trimis cookie-ul \u00eel poate accesa din nou \u00een momentul \u00een care un utilizator reviziteaz\u0103 website-ul respectiv. Cookie-urile nu solicit\u0103 informa\u021bii cu caracter personal pentru a putea fi utilizate si, \u00een cele mai multe cazuri, nu identifica personal utilizatorii de internet.<\/p>\n\n\n\n<p>Site-ul www.forestspa.ro foloseste 3 categorii de module cookie:<br>Cookie-uri Persistente<br>Cookie-uri plasate de ter\u0163i<br>Cookie-uri de Sesiune<\/p>\n\n\n\n<p>Sunt stocate temporar p\u00e2n\u0103 c\u00e2nd utilizatorul p\u0103r\u0103se\u0219te website-ul sau \u00eenchide fereastra browserului sau p\u00e2n\u0103 c\u00e2nd sunt \u0219terse de c\u0103tre serverul web. Folosim aceast\u0103 categorie de module cookie pentru a salva \u0219i afi\u0219a utilizatorului datele completate de el \u00een cadrul formularelor din site, \u00een cazul \u00een care au survenit erori la transmiterea acestora. \u00cen momentul \u00een care formularul s-a transmis cu succes, aceste module cookie de sesiune sunt \u0219terse automat.<\/p>\n\n\n\n<p>Cookie-uri Persistente<\/p>\n\n\n\n<p>Sunt stocate pe harddisk-ul utilizatorului pentru o durat\u0103 de existen\u021b\u0103 prestabilit\u0103. Folosim cookie-uri persistente proprii pentru a salva preferin\u021bele de navigare ale vizitatorului pe acest website. Acestea au o durata de existen\u021b\u0103 de 30 de zile.<\/p>\n\n\n\n<p>Cookie-uri plasate de ter\u021bi<\/p>\n\n\n\n<p>Aceste cookie-uri pot proveni de la urm\u0103torii ter\u021bi: Google, Youtube, Vimeo \u0219i Facebook. Cookie-urile vor fi utilizate \u00een urm\u0103toarele scopuri:<\/p>\n\n\n\n<p>Analiza vizitatorilor. De fiecare dat\u0103 c\u00e2nd un utilizator acceseaz\u0103 acest site, aplica\u021bia de Analytics genereaz\u0103 un cookie. Acest cookie ne spune dac\u0103 a\u021bi mai vizitat acest site p\u00e2n\u0103 acum \u0219i permite monitorizarea utilizatorilor unici care ne viziteaz\u0103 \u0219i c\u00e2t de des o fac. Ca \u0219i aplica\u021bie de Analytics folosim solu\u021bia Google Analytics cu extensia \u201eanonymizeIp()\u201c, ce anonimizeaz\u0103 toate adresele IP ale vizitatorilor. Nu colect\u0103m \u0219i nu proces\u0103m nicio informa\u021bie pe baza c\u0103reia utilizatorul ar putea fi identificat. Pute\u021bi refuza utilizarea de module cookie de c\u0103tre Google Analytics prin desc\u0103rcarea \u0219i instalarea modulului Google Analytics Opt-out Browser Add-on.<\/p>\n\n\n\n<p>SIMPAROM IMP-EX S.R.L. desf\u0103\u0219oar\u0103 campanii de publicitate online prin intermediul platformelor oferite de Google \u0219i Facebook. Aceste platforme stocheaz\u0103 cookie-uri ce permit m\u0103surarea eficien\u021bei campaniilor noastre de publicitate online \u0219i pentru a afi\u0219a pe alte site-uri reclame adaptate la presupusele interese ale vizitatorilor.<\/p>\n\n\n\n<p>Includerea de con\u021binut multimedia. Unele pagini ale site-ului au incluse clipuri video de pe platformele Youtube si Vimeo. \u00cen cazul \u00een care cookie-urile sunt blocate pe acest site, respectivul con\u021binut poate sa nu fie afi\u0219at.<\/p>\n\n\n\n<p>Dezactivarea modulelor cookie pe acest website ar putea duce la limit\u0103ri ale func\u021biilor \u0219i a con\u021binutului disponibil.<\/p>\n","protected":false},"excerpt":{"rendered":"<p>Site-ul www.forestspa.ro utilizeaz\u0103 cookie-uri proprii precum \u0219i cookie-uri plasate de ter\u021bi, care ne permit includerea de con\u021binut de pe alte site-uri \u0219i ne permit s\u0103 monitoriz\u0103m<span class=\"excerpt-hellip\"> [\u2026]<\/span><\/p>\n","protected":false},"author":1,"featured_media":0,"parent":0,"menu_order":0,"comment_status":"closed","ping_status":"closed","template":"","meta":{"footnotes":""},"class_list":["post-7","page","type-page","status-publish","hentry"],"_links":{"self":[{"href":"https:\/\/bogdan.rere4fun.net\/fsp\/wp-json\/wp\/v2\/pages\/7","targetHints":{"allow":["GET"]}}],"collection":[{"href":"https:\/\/bogdan.rere4fun.net\/fsp\/wp-json\/wp\/v2\/pages"}],"about":[{"href":"https:\/\/bogdan.rere4fun.net\/fsp\/wp-json\/wp\/v2\/types\/page"}],"author":[{"embeddable":true,"href":"https:\/\/bogdan.rere4fun.net\/fsp\/wp-json\/wp\/v2\/users\/1"}],"replies":[{"embeddable":true,"href":"https:\/\/bogdan.rere4fun.net\/fsp\/wp-json\/wp\/v2\/comments?post=7"}],"version-history":[{"count":3,"href":"https:\/\/bogdan.rere4fun.net\/fsp\/wp-json\/wp\/v2\/pages\/7\/revisions"}],"predecessor-version":[{"id":541,"href":"https:\/\/bogdan.rere4fun.net\/fsp\/wp-json\/wp\/v2\/pages\/7\/revisions\/541"}],"wp:attachment":[{"href":"https:\/\/bogdan.rere4fun.net\/fsp\/wp-json\/wp\/v2\/media?parent=7"}],"curies":[{"name":"wp","href":"https:\/\/api.w.org\/{rel}","templated":true}]}}