{"id":190,"date":"2024-05-06T11:55:45","date_gmt":"2024-05-06T11:55:45","guid":{"rendered":"https:\/\/bogdan.rere4fun.net\/fsp\/\/?post_type=product&#038;p=190"},"modified":"2024-08-21T12:59:28","modified_gmt":"2024-08-21T12:59:28","slug":"pachet-touch-of-forest-love","status":"publish","type":"product","link":"https:\/\/bogdan.rere4fun.net\/fsp\/product\/pachet-touch-of-forest-love\/","title":{"rendered":"Pachet: Touch of Forest Love"},"content":{"rendered":"","protected":false},"excerpt":{"rendered":"<p>Dou\u0103 nop\u021bi de cazare cu pensiune complet\u0103, trei zile acces spa, dou\u0103 seri cin\u0103 romantic\u0103, jacuzzi 45 minute cu o sticla de prosecco si un platou de fructe, o sticl\u0103 de \u0219ampanie, un masaj facial Pevonia hidrating Facial pentru ea si un masaj in profunzime Deep Muscle Release pentru el, 30 minute echitatie, o ora plimbari cu atv-ul in natura<\/p>\n","protected":false},"featured_media":491,"template":"","meta":[],"product_brand":[],"product_cat":[16],"product_tag":[],"giftcard-category":[],"class_list":{"0":"post-190","1":"product","2":"type-product","3":"status-publish","4":"has-post-thumbnail","6":"product_cat-promotii","8":"first","9":"instock","10":"sale","11":"taxable","12":"shipping-taxable","13":"purchasable","14":"product-type-simple"},"_links":{"self":[{"href":"https:\/\/bogdan.rere4fun.net\/fsp\/wp-json\/wp\/v2\/product\/190","targetHints":{"allow":["GET"]}}],"collection":[{"href":"https:\/\/bogdan.rere4fun.net\/fsp\/wp-json\/wp\/v2\/product"}],"about":[{"href":"https:\/\/bogdan.rere4fun.net\/fsp\/wp-json\/wp\/v2\/types\/product"}],"wp:featuredmedia":[{"embeddable":true,"href":"https:\/\/bogdan.rere4fun.net\/fsp\/wp-json\/wp\/v2\/media\/491"}],"wp:attachment":[{"href":"https:\/\/bogdan.rere4fun.net\/fsp\/wp-json\/wp\/v2\/media?parent=190"}],"wp:term":[{"taxonomy":"product_brand","embeddable":true,"href":"https:\/\/bogdan.rere4fun.net\/fsp\/wp-json\/wp\/v2\/product_brand?post=190"},{"taxonomy":"product_cat","embeddable":true,"href":"https:\/\/bogdan.rere4fun.net\/fsp\/wp-json\/wp\/v2\/product_cat?post=190"},{"taxonomy":"product_tag","embeddable":true,"href":"https:\/\/bogdan.rere4fun.net\/fsp\/wp-json\/wp\/v2\/product_tag?post=190"},{"taxonomy":"giftcard-category","embeddable":true,"href":"https:\/\/bogdan.rere4fun.net\/fsp\/wp-json\/wp\/v2\/giftcard-category?post=190"}],"curies":[{"name":"wp","href":"https:\/\/api.w.org\/{rel}","templated":true}]}}