{"id":331,"date":"2024-06-18T17:26:38","date_gmt":"2024-06-18T17:26:38","guid":{"rendered":"https:\/\/bogdan.rere4fun.net\/fsp\/\/?post_type=product&#038;p=331"},"modified":"2024-08-21T13:28:10","modified_gmt":"2024-08-21T13:28:10","slug":"voucher-cadou","status":"publish","type":"product","link":"https:\/\/bogdan.rere4fun.net\/fsp\/product\/voucher-cadou\/","title":{"rendered":"Voucher CADOU"},"content":{"rendered":"","protected":false},"excerpt":{"rendered":"<div class=\"woocommerce-product-details__short-description\">\n<p><strong>Surprinde-i pe cei dragi cu un cadou de neuitat la Forest Retreat &amp; Spa!<\/strong><\/p>\n<p>Ofer\u0103-le o experien\u021b\u0103 de relaxare \u0219i r\u0103sf\u0103\u021b \u00eentr-un cadru natural de vis. Voucherele noastre cadou sunt perfecte pentru a celebra momente speciale, fie c\u0103 este vorba de anivers\u0103ri, s\u0103rb\u0103tori sau pur \u0219i simplu pentru a le ar\u0103ta c\u00e2t de mult \u00eei apreciezi.<\/p>\n<\/div>\n","protected":false},"featured_media":201,"template":"","meta":[],"product_brand":[],"product_cat":[16],"product_tag":[],"giftcard-category":[],"class_list":{"0":"post-331","1":"product","2":"type-product","3":"status-publish","4":"has-post-thumbnail","6":"product_cat-promotii","8":"first","9":"instock","10":"taxable","11":"shipping-taxable","12":"purchasable","13":"product-type-variable"},"_links":{"self":[{"href":"https:\/\/bogdan.rere4fun.net\/fsp\/wp-json\/wp\/v2\/product\/331","targetHints":{"allow":["GET"]}}],"collection":[{"href":"https:\/\/bogdan.rere4fun.net\/fsp\/wp-json\/wp\/v2\/product"}],"about":[{"href":"https:\/\/bogdan.rere4fun.net\/fsp\/wp-json\/wp\/v2\/types\/product"}],"wp:featuredmedia":[{"embeddable":true,"href":"https:\/\/bogdan.rere4fun.net\/fsp\/wp-json\/wp\/v2\/media\/201"}],"wp:attachment":[{"href":"https:\/\/bogdan.rere4fun.net\/fsp\/wp-json\/wp\/v2\/media?parent=331"}],"wp:term":[{"taxonomy":"product_brand","embeddable":true,"href":"https:\/\/bogdan.rere4fun.net\/fsp\/wp-json\/wp\/v2\/product_brand?post=331"},{"taxonomy":"product_cat","embeddable":true,"href":"https:\/\/bogdan.rere4fun.net\/fsp\/wp-json\/wp\/v2\/product_cat?post=331"},{"taxonomy":"product_tag","embeddable":true,"href":"https:\/\/bogdan.rere4fun.net\/fsp\/wp-json\/wp\/v2\/product_tag?post=331"},{"taxonomy":"giftcard-category","embeddable":true,"href":"https:\/\/bogdan.rere4fun.net\/fsp\/wp-json\/wp\/v2\/giftcard-category?post=331"}],"curies":[{"name":"wp","href":"https:\/\/api.w.org\/{rel}","templated":true}]}}