{"id":582,"date":"2024-08-21T14:35:41","date_gmt":"2024-08-21T14:35:41","guid":{"rendered":"https:\/\/bogdan.rere4fun.net\/fsp\/\/?post_type=product&#038;p=582"},"modified":"2024-08-21T14:47:01","modified_gmt":"2024-08-21T14:47:01","slug":"pachet-relaxing-spa-day","status":"publish","type":"product","link":"https:\/\/bogdan.rere4fun.net\/fsp\/product\/pachet-relaxing-spa-day\/","title":{"rendered":"Pachet: Relaxing Spa Day"},"content":{"rendered":"","protected":false},"excerpt":{"rendered":"<p>Pachetul este pentru 2 persoane si include accesul la piscina interioar\u0103 \u0219i exterioar\u0103, saune umede, uscate, salin\u0103, zona de relaxare, sala fitness, 30 minute jacuzzi, dou\u0103 masaje de relaxare, dou\u0103 fresh-uri.<\/p>\n<p><em>*disponibilitate de duminic\u0103 dupa ora 15 p\u00e2n\u0103 vineri \u00een ora 15<\/em><\/p>\n<p><strong><br \/>\nPachetul con\u021bine urm\u0103toarele servicii:<\/strong><br \/>\n\u2013 acces spa pentru dou\u0103 persoane: 160 lei<br \/>\n\u2013 jacuzzi 30 minute pentru dou\u0103 persoane: 80 lei<br \/>\n\u2013 2 masaje de relaxare cu ulei de magneziu: 380 lei<br \/>\n\u2013 2 fresh-uri de portocale: 50 lei<br \/>\nTotal servicii: 670 lei<\/p>\n<p>&nbsp;<\/p>\n","protected":false},"featured_media":583,"template":"","meta":[],"product_brand":[],"product_cat":[16],"product_tag":[],"giftcard-category":[],"class_list":{"0":"post-582","1":"product","2":"type-product","3":"status-publish","4":"has-post-thumbnail","6":"product_cat-promotii","8":"first","9":"instock","10":"sale","11":"taxable","12":"shipping-taxable","13":"purchasable","14":"product-type-simple"},"_links":{"self":[{"href":"https:\/\/bogdan.rere4fun.net\/fsp\/wp-json\/wp\/v2\/product\/582","targetHints":{"allow":["GET"]}}],"collection":[{"href":"https:\/\/bogdan.rere4fun.net\/fsp\/wp-json\/wp\/v2\/product"}],"about":[{"href":"https:\/\/bogdan.rere4fun.net\/fsp\/wp-json\/wp\/v2\/types\/product"}],"wp:featuredmedia":[{"embeddable":true,"href":"https:\/\/bogdan.rere4fun.net\/fsp\/wp-json\/wp\/v2\/media\/583"}],"wp:attachment":[{"href":"https:\/\/bogdan.rere4fun.net\/fsp\/wp-json\/wp\/v2\/media?parent=582"}],"wp:term":[{"taxonomy":"product_brand","embeddable":true,"href":"https:\/\/bogdan.rere4fun.net\/fsp\/wp-json\/wp\/v2\/product_brand?post=582"},{"taxonomy":"product_cat","embeddable":true,"href":"https:\/\/bogdan.rere4fun.net\/fsp\/wp-json\/wp\/v2\/product_cat?post=582"},{"taxonomy":"product_tag","embeddable":true,"href":"https:\/\/bogdan.rere4fun.net\/fsp\/wp-json\/wp\/v2\/product_tag?post=582"},{"taxonomy":"giftcard-category","embeddable":true,"href":"https:\/\/bogdan.rere4fun.net\/fsp\/wp-json\/wp\/v2\/giftcard-category?post=582"}],"curies":[{"name":"wp","href":"https:\/\/api.w.org\/{rel}","templated":true}]}}