{"id":585,"date":"2024-08-21T14:47:39","date_gmt":"2024-08-21T14:47:39","guid":{"rendered":"https:\/\/bogdan.rere4fun.net\/fsp\/\/?post_type=product&#038;p=585"},"modified":"2024-08-21T14:53:08","modified_gmt":"2024-08-21T14:53:08","slug":"pachet-celebration-of-spa","status":"publish","type":"product","link":"https:\/\/bogdan.rere4fun.net\/fsp\/product\/pachet-celebration-of-spa\/","title":{"rendered":"Pachet: Celebration Of Spa"},"content":{"rendered":"","protected":false},"excerpt":{"rendered":"<p>Pachetul este pentru 2 persoane si include accesul la piscina interioar\u0103 \u0219i exterioar\u0103, saune umede, uscate, salin\u0103, zona de relaxare, sala fitness, 30 de minute jacuzzi, o \u00eempachetare cu ciocolat\u0103 (pentru ea), un masaj deep muscle (pentru el), o sticl\u0103 de prosseco.<br \/>\n<em><br \/>\n*disponibilitate de duminic\u0103 dupa ora 15 p\u00e2n\u0103 vineri \u00een ora 15<\/em><\/p>\n<p><strong>Pachetul con\u021bine urm\u0103toarele servicii:<\/strong><br \/>\n\u2013 acces spa pentru dou\u0103 persoane: 160 lei<br \/>\n\u2013 jacuzzi 30 minute pentru dou\u0103 persoane: 80 lei<br \/>\n\u2013 \u00eempachetare cu ciocolat\u0103: 360 lei<br \/>\n\u2013 masaj deep muscle 220 lei<br \/>\n\u2013 sticl\u0103 de prosseco: 120 lei<br \/>\nTotal servicii: 940 lei<\/p>\n<p>&nbsp;<\/p>\n","protected":false},"featured_media":586,"template":"","meta":[],"product_brand":[],"product_cat":[16],"product_tag":[],"giftcard-category":[],"class_list":{"0":"post-585","1":"product","2":"type-product","3":"status-publish","4":"has-post-thumbnail","6":"product_cat-promotii","8":"first","9":"instock","10":"sale","11":"taxable","12":"shipping-taxable","13":"purchasable","14":"product-type-simple"},"_links":{"self":[{"href":"https:\/\/bogdan.rere4fun.net\/fsp\/wp-json\/wp\/v2\/product\/585","targetHints":{"allow":["GET"]}}],"collection":[{"href":"https:\/\/bogdan.rere4fun.net\/fsp\/wp-json\/wp\/v2\/product"}],"about":[{"href":"https:\/\/bogdan.rere4fun.net\/fsp\/wp-json\/wp\/v2\/types\/product"}],"wp:featuredmedia":[{"embeddable":true,"href":"https:\/\/bogdan.rere4fun.net\/fsp\/wp-json\/wp\/v2\/media\/586"}],"wp:attachment":[{"href":"https:\/\/bogdan.rere4fun.net\/fsp\/wp-json\/wp\/v2\/media?parent=585"}],"wp:term":[{"taxonomy":"product_brand","embeddable":true,"href":"https:\/\/bogdan.rere4fun.net\/fsp\/wp-json\/wp\/v2\/product_brand?post=585"},{"taxonomy":"product_cat","embeddable":true,"href":"https:\/\/bogdan.rere4fun.net\/fsp\/wp-json\/wp\/v2\/product_cat?post=585"},{"taxonomy":"product_tag","embeddable":true,"href":"https:\/\/bogdan.rere4fun.net\/fsp\/wp-json\/wp\/v2\/product_tag?post=585"},{"taxonomy":"giftcard-category","embeddable":true,"href":"https:\/\/bogdan.rere4fun.net\/fsp\/wp-json\/wp\/v2\/giftcard-category?post=585"}],"curies":[{"name":"wp","href":"https:\/\/api.w.org\/{rel}","templated":true}]}}