{"id":587,"date":"2024-08-21T14:51:48","date_gmt":"2024-08-21T14:51:48","guid":{"rendered":"https:\/\/bogdan.rere4fun.net\/fsp\/\/?post_type=product&#038;p=587"},"modified":"2024-08-21T14:54:07","modified_gmt":"2024-08-21T14:54:07","slug":"pachet-forest-experience","status":"publish","type":"product","link":"https:\/\/bogdan.rere4fun.net\/fsp\/product\/pachet-forest-experience\/","title":{"rendered":"Pachet: Forest Experience"},"content":{"rendered":"","protected":false},"excerpt":{"rendered":"<p>Pachetul este pentru 2 persoane si include acces la piscina interioar\u0103 \u0219i exterioar\u0103, saune umede \u0219i uscate, salin\u0103, zona relaxare, sal\u0103 fitness, 45 minute jacuzzi, 1 masaj de cuplu Forest Aromatherapy Face&amp;Body, dou\u0103 cocktailuri Forest Green Apple.<\/p>\n<p><em>*disponibilitate de duminic\u0103 dupa ora 15 p\u00e2n\u0103 vineri \u00een ora 15<\/em><\/p>\n<p><strong>Pachetul con\u021bine urm\u0103toarele servicii:<\/strong><br \/>\n\u2013 acces spa, 2 persoane: 190 lei<br \/>\n\u2013 jacuzzi 45 minute: 250 lei (o sticl\u0103 de prosecco \u0219i un platou de fructe)<br \/>\n\u2013 masaj de cuplu face&amp;body: 410 lei<br \/>\n\u2013 2 cocktailuri Forest Green Apple 30 lei x 2: 60 lei<br \/>\nTotal servicii: 910 lei<\/p>\n","protected":false},"featured_media":588,"template":"","meta":[],"product_brand":[],"product_cat":[16],"product_tag":[],"giftcard-category":[],"class_list":{"0":"post-587","1":"product","2":"type-product","3":"status-publish","4":"has-post-thumbnail","6":"product_cat-promotii","8":"first","9":"instock","10":"sale","11":"taxable","12":"shipping-taxable","13":"purchasable","14":"product-type-simple"},"_links":{"self":[{"href":"https:\/\/bogdan.rere4fun.net\/fsp\/wp-json\/wp\/v2\/product\/587","targetHints":{"allow":["GET"]}}],"collection":[{"href":"https:\/\/bogdan.rere4fun.net\/fsp\/wp-json\/wp\/v2\/product"}],"about":[{"href":"https:\/\/bogdan.rere4fun.net\/fsp\/wp-json\/wp\/v2\/types\/product"}],"wp:featuredmedia":[{"embeddable":true,"href":"https:\/\/bogdan.rere4fun.net\/fsp\/wp-json\/wp\/v2\/media\/588"}],"wp:attachment":[{"href":"https:\/\/bogdan.rere4fun.net\/fsp\/wp-json\/wp\/v2\/media?parent=587"}],"wp:term":[{"taxonomy":"product_brand","embeddable":true,"href":"https:\/\/bogdan.rere4fun.net\/fsp\/wp-json\/wp\/v2\/product_brand?post=587"},{"taxonomy":"product_cat","embeddable":true,"href":"https:\/\/bogdan.rere4fun.net\/fsp\/wp-json\/wp\/v2\/product_cat?post=587"},{"taxonomy":"product_tag","embeddable":true,"href":"https:\/\/bogdan.rere4fun.net\/fsp\/wp-json\/wp\/v2\/product_tag?post=587"},{"taxonomy":"giftcard-category","embeddable":true,"href":"https:\/\/bogdan.rere4fun.net\/fsp\/wp-json\/wp\/v2\/giftcard-category?post=587"}],"curies":[{"name":"wp","href":"https:\/\/api.w.org\/{rel}","templated":true}]}}