{"id":589,"date":"2024-08-21T14:56:13","date_gmt":"2024-08-21T14:56:13","guid":{"rendered":"https:\/\/bogdan.rere4fun.net\/fsp\/\/?post_type=product&#038;p=589"},"modified":"2024-08-21T14:57:39","modified_gmt":"2024-08-21T14:57:39","slug":"pachet-holistic-day","status":"publish","type":"product","link":"https:\/\/bogdan.rere4fun.net\/fsp\/product\/pachet-holistic-day\/","title":{"rendered":"Pachet: Holistic Day"},"content":{"rendered":"","protected":false},"excerpt":{"rendered":"<p>Pachetul este pentru 2 persoane si include acces la piscina interioara \u0219i exterioar\u0103, saune umede \u0219i uscate, salin\u0103, zona relaxare, 45 minute jacuzzi, 1 masaj de cuplu Holistic Healing, 2 limonade cu fructul pasiunii.<\/p>\n<p><em>*disponibilitate de duminic\u0103 dupa ora 15 p\u00e2n\u0103 vineri \u00een ora 15<\/em><\/p>\n<p><strong>Pachetul con\u021bine urm\u0103toarele servicii:<\/strong><br \/>\n\u2013 acces spa, 2 persoane: 190 lei<br \/>\n\u2013 jacuzzi 45 minute: 250 lei (o sticl\u0103 de prosecco \u0219i un platou de fructe)<br \/>\n\u2013 masaj de cuplu holistic: 350 lei<br \/>\n\u2013 2 limonade cu fructul pasiunii 29 x2 pers: 58 lei<br \/>\nTotal servicii: 848 lei<\/p>\n","protected":false},"featured_media":590,"template":"","meta":[],"product_brand":[],"product_cat":[16],"product_tag":[],"giftcard-category":[],"class_list":{"0":"post-589","1":"product","2":"type-product","3":"status-publish","4":"has-post-thumbnail","6":"product_cat-promotii","8":"first","9":"instock","10":"sale","11":"taxable","12":"shipping-taxable","13":"purchasable","14":"product-type-simple"},"_links":{"self":[{"href":"https:\/\/bogdan.rere4fun.net\/fsp\/wp-json\/wp\/v2\/product\/589","targetHints":{"allow":["GET"]}}],"collection":[{"href":"https:\/\/bogdan.rere4fun.net\/fsp\/wp-json\/wp\/v2\/product"}],"about":[{"href":"https:\/\/bogdan.rere4fun.net\/fsp\/wp-json\/wp\/v2\/types\/product"}],"wp:featuredmedia":[{"embeddable":true,"href":"https:\/\/bogdan.rere4fun.net\/fsp\/wp-json\/wp\/v2\/media\/590"}],"wp:attachment":[{"href":"https:\/\/bogdan.rere4fun.net\/fsp\/wp-json\/wp\/v2\/media?parent=589"}],"wp:term":[{"taxonomy":"product_brand","embeddable":true,"href":"https:\/\/bogdan.rere4fun.net\/fsp\/wp-json\/wp\/v2\/product_brand?post=589"},{"taxonomy":"product_cat","embeddable":true,"href":"https:\/\/bogdan.rere4fun.net\/fsp\/wp-json\/wp\/v2\/product_cat?post=589"},{"taxonomy":"product_tag","embeddable":true,"href":"https:\/\/bogdan.rere4fun.net\/fsp\/wp-json\/wp\/v2\/product_tag?post=589"},{"taxonomy":"giftcard-category","embeddable":true,"href":"https:\/\/bogdan.rere4fun.net\/fsp\/wp-json\/wp\/v2\/giftcard-category?post=589"}],"curies":[{"name":"wp","href":"https:\/\/api.w.org\/{rel}","templated":true}]}}